{"id":3668,"date":"2025-01-05T02:24:22","date_gmt":"2025-01-05T02:24:22","guid":{"rendered":"https:\/\/arcaroatan.com\/eventos-especiales\/"},"modified":"2025-08-20T11:08:45","modified_gmt":"2025-08-20T11:08:45","slug":"eventos-especiales","status":"publish","type":"page","link":"https:\/\/arcaroatan.com\/es\/eventos-especiales\/","title":{"rendered":"Eventos especiales"},"content":{"rendered":"\t\t<div data-elementor-type=\"wp-page\" data-elementor-id=\"3668\" class=\"elementor elementor-3668 elementor-2488\" data-elementor-post-type=\"page\">\n\t\t\t\t<div class=\"elementor-element elementor-element-4a6a84fe e-flex e-con-boxed e-con e-parent\" data-id=\"4a6a84fe\" data-element_type=\"container\" data-settings=\"{&quot;background_background&quot;:&quot;classic&quot;}\">\n\t\t\t\t\t<div class=\"e-con-inner\">\n\t\t<div class=\"elementor-element elementor-element-179525cb e-con-full e-flex e-con e-child\" data-id=\"179525cb\" data-element_type=\"container\">\n\t\t\t\t<div class=\"elementor-element elementor-element-14a20c7f elementor-widget elementor-widget-heading\" data-id=\"14a20c7f\" data-element_type=\"widget\" data-widget_type=\"heading.default\">\n\t\t\t\t<div class=\"elementor-widget-container\">\n\t\t\t\t\t<h2 class=\"elementor-heading-title elementor-size-default\">Experiencias personalizadas, infinitas posibilidades<\/h2>\t\t\t\t<\/div>\n\t\t\t\t<\/div>\n\t\t\t\t<div class=\"elementor-element elementor-element-1c3efbf0 elementor-widget elementor-widget-heading\" data-id=\"1c3efbf0\" data-element_type=\"widget\" data-widget_type=\"heading.default\">\n\t\t\t\t<div class=\"elementor-widget-container\">\n\t\t\t\t\t<h1 class=\"elementor-heading-title elementor-size-default\">Eventos especiales y bodas<\/h1>\t\t\t\t<\/div>\n\t\t\t\t<\/div>\n\t\t\t\t<\/div>\n\t\t\t\t\t<\/div>\n\t\t\t\t<\/div>\n\t\t<div class=\"elementor-element elementor-element-daee597 e-flex e-con-boxed e-con e-parent\" data-id=\"daee597\" data-element_type=\"container\">\n\t\t\t\t\t<div class=\"e-con-inner\">\n\t\t<div class=\"elementor-element elementor-element-27719fb e-con-full e-flex e-con e-child\" data-id=\"27719fb\" data-element_type=\"container\">\n\t\t\t\t<div class=\"elementor-element elementor-element-f1117a0 elementor-widget elementor-widget-heading\" data-id=\"f1117a0\" data-element_type=\"widget\" data-widget_type=\"heading.default\">\n\t\t\t\t<div class=\"elementor-widget-container\">\n\t\t\t\t\t<h2 class=\"elementor-heading-title elementor-size-default\">Celebra el momento<\/h2>\t\t\t\t<\/div>\n\t\t\t\t<\/div>\n\t\t\t\t<div class=\"elementor-element elementor-element-c6ace31 elementor-widget elementor-widget-heading\" data-id=\"c6ace31\" data-element_type=\"widget\" data-widget_type=\"heading.default\">\n\t\t\t\t<div class=\"elementor-widget-container\">\n\t\t\t\t\t<h2 class=\"elementor-heading-title elementor-size-default\">Cada ocasi\u00f3n es una historia que vale la pena contar. <\/h2>\t\t\t\t<\/div>\n\t\t\t\t<\/div>\n\t\t\t\t<\/div>\n\t\t<div class=\"elementor-element elementor-element-f8cb940 e-con-full e-flex e-con e-child\" data-id=\"f8cb940\" data-element_type=\"container\">\n\t\t\t\t<div class=\"elementor-element elementor-element-0dabe30 elementor-widget elementor-widget-text-editor\" data-id=\"0dabe30\" data-element_type=\"widget\" data-widget_type=\"text-editor.default\">\n\t\t\t\t<div class=\"elementor-widget-container\">\n\t\t\t\t\t\t\t\t\t<p>Imag\u00ednate esto: el velo de una novia ondeando con la brisa marina mientras el sol se esconde en el horizonte. Un equipo de colegas compartiendo c\u00f3cteles mientras las olas acarician la orilla. Un brindis por un cumplea\u00f1os importante bajo un cielo estrellado. En Arca, las celebraciones m\u00e1s significativas de la vida encuentran el escenario perfecto.    <\/p><p>Desde bodas \u00edntimas hasta retiros inspiradores, Arca ofrece una variedad de paquetes cuidadosamente seleccionados y dise\u00f1ados para que su evento perdure en el coraz\u00f3n mucho despu\u00e9s de que se haya realizado el brindis.<\/p>\t\t\t\t\t\t\t\t<\/div>\n\t\t\t\t<\/div>\n\t\t\t\t<\/div>\n\t\t\t\t\t<\/div>\n\t\t\t\t<\/div>\n\t\t<div class=\"elementor-element elementor-element-eacfa7d e-flex e-con-boxed e-con e-parent\" data-id=\"eacfa7d\" data-element_type=\"container\" data-settings=\"{&quot;background_background&quot;:&quot;classic&quot;}\">\n\t\t\t\t\t<div class=\"e-con-inner\">\n\t\t<div class=\"elementor-element elementor-element-bdb9d82 e-con-full e-flex e-con e-child\" data-id=\"bdb9d82\" data-element_type=\"container\">\n\t\t\t\t<div class=\"elementor-element elementor-element-bc73092 elementor-widget elementor-widget-heading\" data-id=\"bc73092\" data-element_type=\"widget\" data-widget_type=\"heading.default\">\n\t\t\t\t<div class=\"elementor-widget-container\">\n\t\t\t\t\t<h2 class=\"elementor-heading-title elementor-size-default\">Bodas de ensue\u00f1o<\/h2>\t\t\t\t<\/div>\n\t\t\t\t<\/div>\n\t\t\t\t<div class=\"elementor-element elementor-element-a89077e elementor-widget elementor-widget-text-editor\" data-id=\"a89077e\" data-element_type=\"widget\" data-widget_type=\"text-editor.default\">\n\t\t\t\t<div class=\"elementor-widget-container\">\n\t\t\t\t\t\t\t\t\t<p>Diga \u00abS\u00ed, quiero\u00bb rodeado de la belleza natural de las pr\u00edstinas costas de West Bay. Nuestros paquetes de boda incluyen: <\/p><ul><li>Una impresionante ceremonia organizada en la playa, con toques elegantes que combinan con su visi\u00f3n.<\/li><li>Un coordinador de bodas dedicado a manejar cada detalle, desde la decoraci\u00f3n hasta el tiempo.<\/li><li>Opciones de catering personalizables con men\u00fas inspirados en la isla y sabores sofisticados.<\/li><li>La opci\u00f3n de reservar villas para su fiesta nupcial o invitados, asegurando una celebraci\u00f3n privada y exclusiva.<\/li><\/ul>\t\t\t\t\t\t\t\t<\/div>\n\t\t\t\t<\/div>\n\t\t\t\t<\/div>\n\t\t<div class=\"elementor-element elementor-element-69bb227 e-con-full e-flex e-con e-child\" data-id=\"69bb227\" data-element_type=\"container\">\n\t\t\t\t<div class=\"elementor-element elementor-element-442b20d elementor-widget elementor-widget-heading\" data-id=\"442b20d\" data-element_type=\"widget\" data-widget_type=\"heading.default\">\n\t\t\t\t<div class=\"elementor-widget-container\">\n\t\t\t\t\t<h2 class=\"elementor-heading-title elementor-size-default\">Retiros corporativos<\/h2>\t\t\t\t<\/div>\n\t\t\t\t<\/div>\n\t\t\t\t<div class=\"elementor-element elementor-element-d2e1501 elementor-widget elementor-widget-text-editor\" data-id=\"d2e1501\" data-element_type=\"widget\" data-widget_type=\"text-editor.default\">\n\t\t\t\t<div class=\"elementor-widget-container\">\n\t\t\t\t\t\t\t\t\t<p>\u00a1Reimagina la uni\u00f3n de tu equipo! Nuestras villas pueden ser tu sede para la experiencia \u00fanica e inmersiva que siempre has so\u00f1ado: <\/p><ul><li>Alojamiento en villas privadas con espacios dise\u00f1ados para la colaboraci\u00f3n y la relajaci\u00f3n.<\/li><li>\u00c1reas de reuni\u00f3n flexibles, desde terrazas de villas hasta instalaciones frente a la playa.<\/li><li>Actividades de formaci\u00f3n de equipos seleccionadas, que incluyen recorridos de snorkel, remo y excursiones culturales.<\/li><li>Opciones gastron\u00f3micas durante todo el d\u00eda con sabores aut\u00e9nticos elaborados para energizar e inspirar.<\/li><\/ul>\t\t\t\t\t\t\t\t<\/div>\n\t\t\t\t<\/div>\n\t\t\t\t<\/div>\n\t\t<div class=\"elementor-element elementor-element-a99db4f e-con-full e-flex e-con e-child\" data-id=\"a99db4f\" data-element_type=\"container\">\n\t\t\t\t<div class=\"elementor-element elementor-element-6c092d3 elementor-widget elementor-widget-heading\" data-id=\"6c092d3\" data-element_type=\"widget\" data-widget_type=\"heading.default\">\n\t\t\t\t<div class=\"elementor-widget-container\">\n\t\t\t\t\t<h2 class=\"elementor-heading-title elementor-size-default\">Celebrations<\/h2>\t\t\t\t<\/div>\n\t\t\t\t<\/div>\n\t\t\t\t<div class=\"elementor-element elementor-element-e931664 elementor-widget elementor-widget-text-editor\" data-id=\"e931664\" data-element_type=\"widget\" data-widget_type=\"text-editor.default\">\n\t\t\t\t<div class=\"elementor-widget-container\">\n\t\t\t\t\t\t\t\t\t<p>Cumplea\u00f1os, aniversarios, reuniones&#8230; Deja que Arca eleve tu reuni\u00f3n con una experiencia isle\u00f1a inolvidable. Este paquete incluye:  <\/p><ul><li>Una selecci\u00f3n de espacios para eventos, desde la playa hasta nuestro restaurante.<\/li><li>Decoraci\u00f3n personalizada y planificaci\u00f3n de eventos adaptados a tu celebraci\u00f3n.<\/li><li>Men\u00fas personalizados elaborados por nuestro equipo culinario para reflejar sus gustos.<\/li><li>Acceso a actividades en el lugar como snorkeling en el arrecife y cruceros al atardecer, haciendo que su celebraci\u00f3n sea a\u00fan m\u00e1s memorable.<\/li><\/ul>\t\t\t\t\t\t\t\t<\/div>\n\t\t\t\t<\/div>\n\t\t\t\t<\/div>\n\t\t\t\t\t<\/div>\n\t\t\t\t<\/div>\n\t\t<div class=\"elementor-element elementor-element-77bc0438 e-flex e-con-boxed e-con e-parent\" data-id=\"77bc0438\" data-element_type=\"container\" data-settings=\"{&quot;background_background&quot;:&quot;classic&quot;}\">\n\t\t\t\t\t<div class=\"e-con-inner\">\n\t\t\t\t<div class=\"elementor-element elementor-element-2d8fa929 elementor-widget elementor-widget-heading\" data-id=\"2d8fa929\" data-element_type=\"widget\" data-widget_type=\"heading.default\">\n\t\t\t\t<div class=\"elementor-widget-container\">\n\t\t\t\t\t<h2 class=\"elementor-heading-title elementor-size-default\">Tu vision, nuestra experiencia<\/h2>\t\t\t\t<\/div>\n\t\t\t\t<\/div>\n\t\t\t\t<div class=\"elementor-element elementor-element-50cd489e elementor-widget elementor-widget-text-editor\" data-id=\"50cd489e\" data-element_type=\"widget\" data-widget_type=\"text-editor.default\">\n\t\t\t\t<div class=\"elementor-widget-container\">\n\t\t\t\t\t\t\t\t\t<p>\u00bfListo para hacer realidad la celebraci\u00f3n de tus sue\u00f1os? El equipo de Arca est\u00e1 aqu\u00ed para crear cada detalle con cuidado y precisi\u00f3n. Comparta su visi\u00f3n con nosotros y creemos una experiencia a medida que refleje la importancia de su d\u00eda especial. Complete el formulario a continuaci\u00f3n para comenzar a planificar su evento extraordinario.   <\/p>\t\t\t\t\t\t\t\t<\/div>\n\t\t\t\t<\/div>\n\t\t\t\t<div class=\"elementor-element elementor-element-61ca65b elementor-button-align-stretch elementor-widget elementor-widget-form\" data-id=\"61ca65b\" data-element_type=\"widget\" data-settings=\"{&quot;button_width&quot;:&quot;40&quot;,&quot;step_next_label&quot;:&quot;Siguiente&quot;,&quot;step_previous_label&quot;:&quot;Anterior&quot;,&quot;step_type&quot;:&quot;number_text&quot;,&quot;step_icon_shape&quot;:&quot;circle&quot;}\" data-widget_type=\"form.default\">\n\t\t\t\t<div class=\"elementor-widget-container\">\n\t\t\t\t\t\t\t<form class=\"elementor-form\" method=\"post\" id=\"specialevents_contact\" name=\"Formulario de contacto - Eventos especiales\">\n\t\t\t<input type=\"hidden\" name=\"post_id\" value=\"3668\"\/>\n\t\t\t<input type=\"hidden\" name=\"form_id\" value=\"61ca65b\"\/>\n\t\t\t<input type=\"hidden\" name=\"referer_title\" value=\"Arca Roatan\" \/>\n\n\t\t\t\n\t\t\t<div class=\"elementor-form-fields-wrapper elementor-labels-above\">\n\t\t\t\t\t\t\t\t<div class=\"elementor-field-type-text elementor-field-group elementor-column elementor-field-group-field_187079d elementor-col-40 elementor-field-required elementor-mark-required\">\n\t\t\t\t\t\t\t\t\t\t\t\t<label for=\"form-field-field_187079d\" class=\"elementor-field-label\">\n\t\t\t\t\t\t\t\tTipo de evento\t\t\t\t\t\t\t<\/label>\n\t\t\t\t\t\t\t\t\t\t\t\t\t\t<input size=\"1\" type=\"text\" name=\"form_fields[field_187079d]\" id=\"form-field-field_187079d\" class=\"elementor-field elementor-size-sm  elementor-field-textual\" placeholder=\"Retiro, boda, etc.\" required=\"required\">\n\t\t\t\t\t\t\t\t\t\t\t<\/div>\n\t\t\t\t\t\t\t\t<div class=\"elementor-field-type-date elementor-field-group elementor-column elementor-field-group-field_1329e9c elementor-col-40 elementor-field-required elementor-mark-required\">\n\t\t\t\t\t\t\t\t\t\t\t\t<label for=\"form-field-field_1329e9c\" class=\"elementor-field-label\">\n\t\t\t\t\t\t\t\tFecha del evento\t\t\t\t\t\t\t<\/label>\n\t\t\t\t\t\t\n\t\t<input type=\"date\" name=\"form_fields[field_1329e9c]\" id=\"form-field-field_1329e9c\" class=\"elementor-field elementor-size-sm  elementor-field-textual elementor-date-field elementor-use-native\" required=\"required\" pattern=\"[0-9]{4}-[0-9]{2}-[0-9]{2}\">\n\t\t\t\t\t\t<\/div>\n\t\t\t\t\t\t\t\t<div class=\"elementor-field-type-text elementor-field-group elementor-column elementor-field-group-name elementor-col-100 elementor-field-required elementor-mark-required\">\n\t\t\t\t\t\t\t\t\t\t\t\t<label for=\"form-field-name\" class=\"elementor-field-label\">\n\t\t\t\t\t\t\t\tNombre\t\t\t\t\t\t\t<\/label>\n\t\t\t\t\t\t\t\t\t\t\t\t\t\t<input size=\"1\" type=\"text\" name=\"form_fields[name]\" id=\"form-field-name\" class=\"elementor-field elementor-size-sm  elementor-field-textual\" placeholder=\"Nombre\" required=\"required\">\n\t\t\t\t\t\t\t\t\t\t\t<\/div>\n\t\t\t\t\t\t\t\t<div class=\"elementor-field-type-email elementor-field-group elementor-column elementor-field-group-email elementor-col-100 elementor-field-required elementor-mark-required\">\n\t\t\t\t\t\t\t\t\t\t\t\t<label for=\"form-field-email\" class=\"elementor-field-label\">\n\t\t\t\t\t\t\t\tCorreo electr\u00f3nico\t\t\t\t\t\t\t<\/label>\n\t\t\t\t\t\t\t\t\t\t\t\t\t\t<input size=\"1\" type=\"email\" name=\"form_fields[email]\" id=\"form-field-email\" class=\"elementor-field elementor-size-sm  elementor-field-textual\" placeholder=\"Correo electr\u00f3nico\" required=\"required\">\n\t\t\t\t\t\t\t\t\t\t\t<\/div>\n\t\t\t\t\t\t\t\t<div class=\"elementor-field-type-textarea elementor-field-group elementor-column elementor-field-group-message elementor-col-100\">\n\t\t\t\t\t\t\t\t\t\t\t\t<label for=\"form-field-message\" class=\"elementor-field-label\">\n\t\t\t\t\t\t\t\tMensaje\t\t\t\t\t\t\t<\/label>\n\t\t\t\t\t\t<textarea class=\"elementor-field-textual elementor-field  elementor-size-sm\" name=\"form_fields[message]\" id=\"form-field-message\" rows=\"4\" placeholder=\"Mensaje\"><\/textarea>\t\t\t\t<\/div>\n\t\t\t\t\t\t\t\t<div class=\"elementor-field-type-recaptcha_v3 elementor-field-group elementor-column elementor-field-group-field_336cd43 elementor-col-100 recaptcha_v3-bottomright\">\n\t\t\t\t\t<div class=\"elementor-field\" id=\"form-field-field_336cd43\"><div class=\"elementor-g-recaptcha\" data-sitekey=\"6LdsQb8qAAAAANV1pipfmRR8lNJ7rOvD4stvSt_Q\" data-type=\"v3\" data-action=\"Form\" data-badge=\"bottomright\" data-size=\"invisible\"><\/div><\/div>\t\t\t\t<\/div>\n\t\t\t\t\t\t\t\t<div class=\"elementor-field-type-html elementor-field-group elementor-column elementor-field-group-field_7746674 elementor-col-100\">\n\t\t\t\t\t<small>Este sitio est\u00e1 protegido por reCAPTCHA y se aplican la \n    <a href=\"https:\/\/policies.google.com\/privacy\">Pol\u00edtica de privacidad<\/a> de Google y los\n    <a href=\"https:\/\/policies.google.com\/terms\">T\u00e9rminos de servicio<\/a>.<\/small>\t\t\t\t<\/div>\n\t\t\t\t\t\t\t\t<div class=\"elementor-field-group elementor-column elementor-field-type-submit elementor-col-40 e-form__buttons\">\n\t\t\t\t\t<button class=\"elementor-button elementor-size-sm\" type=\"submit\">\n\t\t\t\t\t\t<span class=\"elementor-button-content-wrapper\">\n\t\t\t\t\t\t\t\t\t\t\t\t\t\t\t\t\t\t\t\t\t\t<span class=\"elementor-button-text\">Enviar<\/span>\n\t\t\t\t\t\t\t\t\t\t\t\t\t<\/span>\n\t\t\t\t\t<\/button>\n\t\t\t\t<\/div>\n\t\t\t<\/div>\n\t\t<\/form>\n\t\t\t\t\t\t<\/div>\n\t\t\t\t<\/div>\n\t\t\t\t\t<\/div>\n\t\t\t\t<\/div>\n\t\t<div class=\"elementor-element elementor-element-3a5fcf4 e-flex e-con-boxed e-con e-parent\" data-id=\"3a5fcf4\" data-element_type=\"container\">\n\t\t\t\t\t<div class=\"e-con-inner\">\n\t\t\t\t<div class=\"elementor-element elementor-element-6165aae elementor-widget elementor-widget-html\" data-id=\"6165aae\" data-element_type=\"widget\" data-widget_type=\"html.default\">\n\t\t\t\t<div class=\"elementor-widget-container\">\n\t\t\t\t\t<!-- Start - Cloudbeds Amplify retargeting audience -->\r\n\r\n<script type=\"text\/javascript\">\r\n      adroll_adv_id = \"B434RXYEZNBYDDAOPBINPW\";\r\n      adroll_pix_id = \"UJWDZKKQRZATFBR5JFP72B\";\r\n      adroll_version = \"2.0\";\r\n\r\n      (function(w, d, e, o, a) {\r\n          w.__adroll_loaded = true;\r\n          w.adroll = w.adroll || [];\r\n          w.adroll.f = [ 'setProperties', 'identify', 'track' ];\r\n          var roundtripUrl = \"https:\/\/s.adroll.com\/j\/\" + adroll_adv_id\r\n                  + \"\/roundtrip.js\";\r\n          for (a = 0; a < w.adroll.f.length; a++) {\r\n              w.adroll[w.adroll.f[a]] = w.adroll[w.adroll.f[a]] || (function(n) {\r\n                  return function() {\r\n                      w.adroll.push([ n, arguments ])\r\n                  }\r\n              })(w.adroll.f[a])\r\n          }\r\n\r\n          e = d.createElement('script');\r\n          o = d.getElementsByTagName('script')[0];\r\n          e.async = 1;\r\n          e.src = roundtripUrl;\r\n          o.parentNode.insertBefore(e, o);\r\n      })(window, document);\r\n      adroll.track(\"pageView\");\r\n  <\/script>\r\n\r\n<!-- End - Cloudbeds Amplify retargeting audience -->\t\t\t\t<\/div>\n\t\t\t\t<\/div>\n\t\t\t\t\t<\/div>\n\t\t\t\t<\/div>\n\t\t\t\t<\/div>\n\t\t","protected":false},"excerpt":{"rendered":"<p>Experiencias personalizadas, infinitas posibilidades Eventos especiales y bodas Celebra el momento Cada ocasi\u00f3n es una historia que vale la pena contar. Imag\u00ednate esto: el velo de una novia ondeando con la brisa marina mientras el sol se esconde en el horizonte. Un equipo de colegas compartiendo c\u00f3cteles mientras las olas acarician la orilla. Un brindis [&hellip;]<\/p>\n","protected":false},"author":1,"featured_media":3274,"parent":0,"menu_order":0,"comment_status":"closed","ping_status":"closed","template":"","meta":{"site-sidebar-layout":"no-sidebar","site-content-layout":"page-builder","ast-site-content-layout":"full-width-container","site-content-style":"unboxed","site-sidebar-style":"unboxed","ast-global-header-display":"","ast-banner-title-visibility":"","ast-main-header-display":"","ast-hfb-above-header-display":"","ast-hfb-below-header-display":"","ast-hfb-mobile-header-display":"","site-post-title":"disabled","ast-breadcrumbs-content":"","ast-featured-img":"disabled","footer-sml-layout":"","theme-transparent-header-meta":"","adv-header-id-meta":"","stick-header-meta":"","header-above-stick-meta":"","header-main-stick-meta":"","header-below-stick-meta":"","astra-migrate-meta-layouts":"default","ast-page-background-enabled":"default","ast-page-background-meta":{"desktop":{"background-color":"","background-image":"","background-repeat":"repeat","background-position":"center center","background-size":"auto","background-attachment":"scroll","background-type":"","background-media":"","overlay-type":"","overlay-color":"","overlay-opacity":"","overlay-gradient":""},"tablet":{"background-color":"","background-image":"","background-repeat":"repeat","background-position":"center center","background-size":"auto","background-attachment":"scroll","background-type":"","background-media":"","overlay-type":"","overlay-color":"","overlay-opacity":"","overlay-gradient":""},"mobile":{"background-color":"","background-image":"","background-repeat":"repeat","background-position":"center center","background-size":"auto","background-attachment":"scroll","background-type":"","background-media":"","overlay-type":"","overlay-color":"","overlay-opacity":"","overlay-gradient":""}},"ast-content-background-meta":{"desktop":{"background-color":"var(--ast-global-color-5)","background-image":"","background-repeat":"repeat","background-position":"center center","background-size":"auto","background-attachment":"scroll","background-type":"","background-media":"","overlay-type":"","overlay-color":"","overlay-opacity":"","overlay-gradient":""},"tablet":{"background-color":"var(--ast-global-color-5)","background-image":"","background-repeat":"repeat","background-position":"center center","background-size":"auto","background-attachment":"scroll","background-type":"","background-media":"","overlay-type":"","overlay-color":"","overlay-opacity":"","overlay-gradient":""},"mobile":{"background-color":"var(--ast-global-color-5)","background-image":"","background-repeat":"repeat","background-position":"center center","background-size":"auto","background-attachment":"scroll","background-type":"","background-media":"","overlay-type":"","overlay-color":"","overlay-opacity":"","overlay-gradient":""}},"footnotes":""},"class_list":["post-3668","page","type-page","status-publish","has-post-thumbnail","hentry"],"yoast_head":"<!-- This site is optimized with the Yoast SEO plugin v26.4 - https:\/\/yoast.com\/wordpress\/plugins\/seo\/ -->\n<title>Salones de lujo para eventos en Arca Roat\u00e1n | Lugares para bodas y fiestas<\/title>\n<meta name=\"description\" content=\"Haga que su evento sea extraordinario en Arca Roat\u00e1n. Nuestro hotel boutique ofrece espacios de lujo para bodas, fiestas y celebraciones privadas.\" \/>\n<meta name=\"robots\" content=\"index, follow, max-snippet:-1, max-image-preview:large, max-video-preview:-1\" \/>\n<link rel=\"canonical\" href=\"https:\/\/arcaroatan.com\/es\/eventos-especiales\/\" \/>\n<meta property=\"og:locale\" content=\"es_ES\" \/>\n<meta property=\"og:type\" content=\"article\" \/>\n<meta property=\"og:title\" content=\"Salones de lujo para eventos en Arca Roat\u00e1n | Lugares para bodas y fiestas\" \/>\n<meta property=\"og:description\" content=\"Haga que su evento sea extraordinario en Arca Roat\u00e1n. Nuestro hotel boutique ofrece espacios de lujo para bodas, fiestas y celebraciones privadas.\" \/>\n<meta property=\"og:url\" content=\"https:\/\/arcaroatan.com\/es\/eventos-especiales\/\" \/>\n<meta property=\"og:site_name\" content=\"Arca Roatan\" \/>\n<meta property=\"article:publisher\" content=\"https:\/\/www.facebook.com\/arcaroatan\/\" \/>\n<meta property=\"article:modified_time\" content=\"2025-08-20T11:08:45+00:00\" \/>\n<meta property=\"og:image\" content=\"https:\/\/arcaroatan.com\/wp-content\/uploads\/2025\/01\/Beachfront-at-Arca-Hotel-Roatan-scaled.jpg\" \/>\n\t<meta property=\"og:image:width\" content=\"2560\" \/>\n\t<meta property=\"og:image:height\" content=\"1707\" \/>\n\t<meta property=\"og:image:type\" content=\"image\/jpeg\" \/>\n<meta name=\"twitter:card\" content=\"summary_large_image\" \/>\n<meta name=\"twitter:label1\" content=\"Est. reading time\" \/>\n\t<meta name=\"twitter:data1\" content=\"2 minutos\" \/>\n<!-- \/ Yoast SEO plugin. -->","yoast_head_json":{"title":"Salones de lujo para eventos en Arca Roat\u00e1n | Lugares para bodas y fiestas","description":"Haga que su evento sea extraordinario en Arca Roat\u00e1n. Nuestro hotel boutique ofrece espacios de lujo para bodas, fiestas y celebraciones privadas.","robots":{"index":"index","follow":"follow","max-snippet":"max-snippet:-1","max-image-preview":"max-image-preview:large","max-video-preview":"max-video-preview:-1"},"canonical":"https:\/\/arcaroatan.com\/es\/eventos-especiales\/","og_locale":"es_ES","og_type":"article","og_title":"Salones de lujo para eventos en Arca Roat\u00e1n | Lugares para bodas y fiestas","og_description":"Haga que su evento sea extraordinario en Arca Roat\u00e1n. Nuestro hotel boutique ofrece espacios de lujo para bodas, fiestas y celebraciones privadas.","og_url":"https:\/\/arcaroatan.com\/es\/eventos-especiales\/","og_site_name":"Arca Roatan","article_publisher":"https:\/\/www.facebook.com\/arcaroatan\/","article_modified_time":"2025-08-20T11:08:45+00:00","og_image":[{"width":2560,"height":1707,"url":"https:\/\/arcaroatan.com\/wp-content\/uploads\/2025\/01\/Beachfront-at-Arca-Hotel-Roatan-scaled.jpg","type":"image\/jpeg"}],"twitter_card":"summary_large_image","twitter_misc":{"Est. reading time":"2 minutos"},"schema":{"@context":"https:\/\/schema.org","@graph":[{"@type":"WebPage","@id":"https:\/\/arcaroatan.com\/es\/eventos-especiales\/","url":"https:\/\/arcaroatan.com\/es\/eventos-especiales\/","name":"Salones de lujo para eventos en Arca Roat\u00e1n | Lugares para bodas y fiestas","isPartOf":{"@id":"https:\/\/arcaroatan.com\/es\/#website"},"primaryImageOfPage":{"@id":"https:\/\/arcaroatan.com\/es\/eventos-especiales\/#primaryimage"},"image":{"@id":"https:\/\/arcaroatan.com\/es\/eventos-especiales\/#primaryimage"},"thumbnailUrl":"https:\/\/arcaroatan.com\/wp-content\/uploads\/2025\/01\/Beachfront-at-Arca-Hotel-Roatan-scaled.jpg","datePublished":"2025-01-05T02:24:22+00:00","dateModified":"2025-08-20T11:08:45+00:00","description":"Haga que su evento sea extraordinario en Arca Roat\u00e1n. Nuestro hotel boutique ofrece espacios de lujo para bodas, fiestas y celebraciones privadas.","breadcrumb":{"@id":"https:\/\/arcaroatan.com\/es\/eventos-especiales\/#breadcrumb"},"inLanguage":"es","potentialAction":[{"@type":"ReadAction","target":["https:\/\/arcaroatan.com\/es\/eventos-especiales\/"]}]},{"@type":"ImageObject","inLanguage":"es","@id":"https:\/\/arcaroatan.com\/es\/eventos-especiales\/#primaryimage","url":"https:\/\/arcaroatan.com\/wp-content\/uploads\/2025\/01\/Beachfront-at-Arca-Hotel-Roatan-scaled.jpg","contentUrl":"https:\/\/arcaroatan.com\/wp-content\/uploads\/2025\/01\/Beachfront-at-Arca-Hotel-Roatan-scaled.jpg","width":2560,"height":1707,"caption":"Roatan Beach Hotels"},{"@type":"BreadcrumbList","@id":"https:\/\/arcaroatan.com\/es\/eventos-especiales\/#breadcrumb","itemListElement":[{"@type":"ListItem","position":1,"name":"Home","item":"https:\/\/arcaroatan.com\/es\/hogar-2\/"},{"@type":"ListItem","position":2,"name":"Eventos especiales"}]},{"@type":"WebSite","@id":"https:\/\/arcaroatan.com\/es\/#website","url":"https:\/\/arcaroatan.com\/es\/","name":"Arca Roatan","description":"Boutique Hotel On West Bay Beach","publisher":{"@id":"https:\/\/arcaroatan.com\/es\/#organization"},"alternateName":"Arca Boutique Hotel","potentialAction":[{"@type":"SearchAction","target":{"@type":"EntryPoint","urlTemplate":"https:\/\/arcaroatan.com\/es\/?s={search_term_string}"},"query-input":{"@type":"PropertyValueSpecification","valueRequired":true,"valueName":"search_term_string"}}],"inLanguage":"es"},{"@type":"Organization","@id":"https:\/\/arcaroatan.com\/es\/#organization","name":"Arca Roatan","alternateName":"Arca Boutique Hotel","url":"https:\/\/arcaroatan.com\/es\/","logo":{"@type":"ImageObject","inLanguage":"es","@id":"https:\/\/arcaroatan.com\/es\/#\/schema\/logo\/image\/","url":"https:\/\/arcaroatan.com\/wp-content\/uploads\/2026\/04\/Arca-Roatan.jpg","contentUrl":"https:\/\/arcaroatan.com\/wp-content\/uploads\/2026\/04\/Arca-Roatan.jpg","width":1500,"height":1500,"caption":"Arca Roatan"},"image":{"@id":"https:\/\/arcaroatan.com\/es\/#\/schema\/logo\/image\/"},"sameAs":["https:\/\/www.facebook.com\/arcaroatan\/","https:\/\/www.instagram.com\/arcaroatan\/"]}]}},"_links":{"self":[{"href":"https:\/\/arcaroatan.com\/es\/wp-json\/wp\/v2\/pages\/3668","targetHints":{"allow":["GET"]}}],"collection":[{"href":"https:\/\/arcaroatan.com\/es\/wp-json\/wp\/v2\/pages"}],"about":[{"href":"https:\/\/arcaroatan.com\/es\/wp-json\/wp\/v2\/types\/page"}],"author":[{"embeddable":true,"href":"https:\/\/arcaroatan.com\/es\/wp-json\/wp\/v2\/users\/1"}],"replies":[{"embeddable":true,"href":"https:\/\/arcaroatan.com\/es\/wp-json\/wp\/v2\/comments?post=3668"}],"version-history":[{"count":0,"href":"https:\/\/arcaroatan.com\/es\/wp-json\/wp\/v2\/pages\/3668\/revisions"}],"wp:featuredmedia":[{"embeddable":true,"href":"https:\/\/arcaroatan.com\/es\/wp-json\/wp\/v2\/media\/3274"}],"wp:attachment":[{"href":"https:\/\/arcaroatan.com\/es\/wp-json\/wp\/v2\/media?parent=3668"}],"curies":[{"name":"wp","href":"https:\/\/api.w.org\/{rel}","templated":true}]}}