{"id":3667,"date":"2024-11-13T21:13:32","date_gmt":"2024-11-13T21:13:32","guid":{"rendered":"https:\/\/arcaroatan.com\/blog\/"},"modified":"2025-12-09T16:48:29","modified_gmt":"2025-12-09T16:48:29","slug":"blog","status":"publish","type":"page","link":"https:\/\/arcaroatan.com\/es\/blog\/","title":{"rendered":"Blog"},"content":{"rendered":"\t\t<div data-elementor-type=\"wp-page\" data-elementor-id=\"3667\" class=\"elementor elementor-3667 elementor-2458\" data-elementor-post-type=\"page\">\n\t\t\t\t<div class=\"elementor-element elementor-element-3dbde90a e-flex e-con-boxed e-con e-parent\" data-id=\"3dbde90a\" data-element_type=\"container\" data-settings=\"{&quot;background_background&quot;:&quot;classic&quot;}\">\n\t\t\t\t\t<div class=\"e-con-inner\">\n\t\t<div class=\"elementor-element elementor-element-30da4fa0 e-con-full e-flex e-con e-child\" data-id=\"30da4fa0\" data-element_type=\"container\">\n\t\t\t\t<div class=\"elementor-element elementor-element-53579a79 elementor-widget elementor-widget-heading\" data-id=\"53579a79\" data-element_type=\"widget\" data-widget_type=\"heading.default\">\n\t\t\t\t<div class=\"elementor-widget-container\">\n\t\t\t\t\t<h2 class=\"elementor-heading-title elementor-size-default\">Publicaciones del blog de Arca Roatan<\/h2>\t\t\t\t<\/div>\n\t\t\t\t<\/div>\n\t\t\t\t<div class=\"elementor-element elementor-element-5ab19c94 elementor-widget elementor-widget-heading\" data-id=\"5ab19c94\" data-element_type=\"widget\" data-widget_type=\"heading.default\">\n\t\t\t\t<div class=\"elementor-widget-container\">\n\t\t\t\t\t<h1 class=\"elementor-heading-title elementor-size-default\">Inspira tu viaje<\/h1>\t\t\t\t<\/div>\n\t\t\t\t<\/div>\n\t\t\t\t<\/div>\n\t\t\t\t\t<\/div>\n\t\t\t\t<\/div>\n\t\t<div class=\"elementor-element elementor-element-27bb7fd2 e-flex e-con-boxed e-con e-parent\" data-id=\"27bb7fd2\" data-element_type=\"container\">\n\t\t\t\t\t<div class=\"e-con-inner\">\n\t\t<div class=\"elementor-element elementor-element-421f7f6 e-con-full e-flex e-con e-child\" data-id=\"421f7f6\" data-element_type=\"container\">\n\t\t\t\t<div class=\"elementor-element elementor-element-e3cd6e9 elementor-widget elementor-widget-heading\" data-id=\"e3cd6e9\" data-element_type=\"widget\" data-widget_type=\"heading.default\">\n\t\t\t\t<div class=\"elementor-widget-container\">\n\t\t\t\t\t<h3 class=\"elementor-heading-title elementor-size-default\">EL BLOG<\/h3>\t\t\t\t<\/div>\n\t\t\t\t<\/div>\n\t\t\t\t<div class=\"elementor-element elementor-element-f67d64f elementor-widget elementor-widget-heading\" data-id=\"f67d64f\" data-element_type=\"widget\" data-widget_type=\"heading.default\">\n\t\t\t\t<div class=\"elementor-widget-container\">\n\t\t\t\t\t<h3 class=\"elementor-heading-title elementor-size-default\">Una colecci\u00f3n de historias, experiencias y consejos esenciales sobre Roat\u00e1n.<\/h3>\t\t\t\t<\/div>\n\t\t\t\t<\/div>\n\t\t\t\t<div class=\"elementor-element elementor-element-4f3f279 elementor-widget elementor-widget-text-editor\" data-id=\"4f3f279\" data-element_type=\"widget\" data-widget_type=\"text-editor.default\">\n\t\t\t\t<div class=\"elementor-widget-container\">\n\t\t\t\t\t\t\t\t\t<p>Recorre historias que revelan el encanto de Roat\u00e1n y la perspectiva de Arca sobre la vida isle\u00f1a. Aqu\u00ed encontrar\u00e1s de todo, desde consejos de viaje hasta lugares destacados; una combinaci\u00f3n de perspectivas dise\u00f1ada para enriquecer e inspirar cada momento de tu visita. <\/p>\t\t\t\t\t\t\t\t<\/div>\n\t\t\t\t<\/div>\n\t\t\t\t<\/div>\n\t\t<div class=\"elementor-element elementor-element-95faa47 e-con-full e-flex e-con e-child\" data-id=\"95faa47\" data-element_type=\"container\" data-settings=\"{&quot;background_background&quot;:&quot;classic&quot;}\">\n\t\t\t\t<\/div>\n\t\t\t\t\t<\/div>\n\t\t\t\t<\/div>\n\t\t<div class=\"elementor-element elementor-element-3c262cd e-flex e-con-boxed e-con e-parent\" data-id=\"3c262cd\" data-element_type=\"container\">\n\t\t\t\t\t<div class=\"e-con-inner\">\n\t\t\t\t<div class=\"elementor-element elementor-element-c78d646 elementor-widget elementor-widget-heading\" data-id=\"c78d646\" data-element_type=\"widget\" data-widget_type=\"heading.default\">\n\t\t\t\t<div class=\"elementor-widget-container\">\n\t\t\t\t\t<h3 class=\"elementor-heading-title elementor-size-default\">Explore nuestros art\u00edculos<\/h3>\t\t\t\t<\/div>\n\t\t\t\t<\/div>\n\t\t<div class=\"elementor-element elementor-element-59567e7 e-con-full e-flex e-con e-child\" data-id=\"59567e7\" data-element_type=\"container\">\n\t\t\t\t<div class=\"elementor-element elementor-element-f1d44b1 elementor-posts--align-center elementor-grid-3 elementor-grid-tablet-2 elementor-grid-mobile-1 elementor-posts--thumbnail-top elementor-widget elementor-widget-posts\" data-id=\"f1d44b1\" data-element_type=\"widget\" data-settings=\"{&quot;classic_columns&quot;:&quot;3&quot;,&quot;classic_columns_tablet&quot;:&quot;2&quot;,&quot;classic_columns_mobile&quot;:&quot;1&quot;,&quot;classic_row_gap&quot;:{&quot;unit&quot;:&quot;px&quot;,&quot;size&quot;:35,&quot;sizes&quot;:[]},&quot;classic_row_gap_tablet&quot;:{&quot;unit&quot;:&quot;px&quot;,&quot;size&quot;:&quot;&quot;,&quot;sizes&quot;:[]},&quot;classic_row_gap_mobile&quot;:{&quot;unit&quot;:&quot;px&quot;,&quot;size&quot;:&quot;&quot;,&quot;sizes&quot;:[]}}\" data-widget_type=\"posts.classic\">\n\t\t\t\t<div class=\"elementor-widget-container\">\n\t\t\t\t\t\t\t<div class=\"elementor-posts-container elementor-posts elementor-posts--skin-classic elementor-grid\">\n\t\t\t\t<article class=\"elementor-post elementor-grid-item post-3908 post type-post status-publish format-standard has-post-thumbnail hentry category-hoteles-en-la-playa-en-honduras category-hoteles-frente-al-mar-en-roatan-honduras tag-hoteles-en-la-playa-en-honduras tag-hoteles-en-la-playa-en-roatan-honduras tag-hoteles-frente-al-mar-en-roatan-honduras\">\n\t\t\t\t<a class=\"elementor-post__thumbnail__link\" href=\"https:\/\/arcaroatan.com\/es\/hoteles-de-playa-en-honduras-el-hotel-perfecto-para-unas-vacaciones-de-lujo-2\/\" tabindex=\"-1\" >\n\t\t\t<div class=\"elementor-post__thumbnail\"><img fetchpriority=\"high\" decoding=\"async\" width=\"2560\" height=\"1707\" src=\"https:\/\/arcaroatan.com\/wp-content\/uploads\/2025\/01\/Beachfront-at-Arca-Hotel-Roatan-scaled.jpg\" class=\"attachment-full size-full wp-image-3274\" alt=\"Roatan Beach Hotels\" srcset=\"https:\/\/arcaroatan.com\/wp-content\/uploads\/2025\/01\/Beachfront-at-Arca-Hotel-Roatan-scaled.jpg 2560w, https:\/\/arcaroatan.com\/wp-content\/uploads\/2025\/01\/Beachfront-at-Arca-Hotel-Roatan-300x200.jpg 300w, https:\/\/arcaroatan.com\/wp-content\/uploads\/2025\/01\/Beachfront-at-Arca-Hotel-Roatan-1024x683.jpg 1024w, https:\/\/arcaroatan.com\/wp-content\/uploads\/2025\/01\/Beachfront-at-Arca-Hotel-Roatan-768x512.jpg 768w, https:\/\/arcaroatan.com\/wp-content\/uploads\/2025\/01\/Beachfront-at-Arca-Hotel-Roatan-1536x1024.jpg 1536w, https:\/\/arcaroatan.com\/wp-content\/uploads\/2025\/01\/Beachfront-at-Arca-Hotel-Roatan-2048x1365.jpg 2048w\" sizes=\"(max-width: 2560px) 100vw, 2560px\" \/><\/div>\n\t\t<\/a>\n\t\t\t\t<div class=\"elementor-post__text\">\n\t\t\t\t<h3 class=\"elementor-post__title\">\n\t\t\t<a href=\"https:\/\/arcaroatan.com\/es\/hoteles-de-playa-en-honduras-el-hotel-perfecto-para-unas-vacaciones-de-lujo-2\/\" >\n\t\t\t\tHoteles de playa en Honduras: El hotel perfecto para unas vacaciones de lujo\t\t\t<\/a>\n\t\t<\/h3>\n\t\t\t\t<div class=\"elementor-post__excerpt\">\n\t\t\t<p>La gente viaja a Honduras para relajarse en la tranquilidad del mar. El pa\u00eds ofrece playas soleadas y aguas tranquilas, adem\u00e1s de una gente acogedora.<\/p>\n\t\t<\/div>\n\t\t\n\t\t<a class=\"elementor-post__read-more\" href=\"https:\/\/arcaroatan.com\/es\/hoteles-de-playa-en-honduras-el-hotel-perfecto-para-unas-vacaciones-de-lujo-2\/\" aria-label=\"Read more about Hoteles de playa en Honduras: El hotel perfecto para unas vacaciones de lujo\" tabindex=\"-1\" >\n\t\t\tLeer m\u00e1s \u00bb\t\t<\/a>\n\n\t\t\t\t<\/div>\n\t\t\t\t<\/article>\n\t\t\t\t<article class=\"elementor-post elementor-grid-item post-3719 post type-post status-publish format-standard has-post-thumbnail hentry category-complejo-turistico-en-la-isla-de-honduras category-hotel-de-playa-roatan-es category-hotel-de-playa-roatan category-hotel-honduras-roatan category-hotel-roatan-honduras-es category-hoteles-en-islas-de-la-bahia category-sin-categoria tag-arca-roatan-es tag-honduras-es tag-hoteles-en-la-playa-de-roatan tag-resorts-en-las-islas-de-la-bahia\">\n\t\t\t\t<a class=\"elementor-post__thumbnail__link\" href=\"https:\/\/arcaroatan.com\/es\/disfrute-de-una-estancia-relajante-en-hoteles-de-las-islas-de-la-bahia-con-excelentes-comodidades-y-vistas-al-mar\/\" tabindex=\"-1\" >\n\t\t\t<div class=\"elementor-post__thumbnail\"><img decoding=\"async\" width=\"512\" height=\"354\" src=\"https:\/\/arcaroatan.com\/wp-content\/uploads\/2025\/04\/unnamed-36.jpg\" class=\"attachment-full size-full wp-image-3879\" alt=\"\" srcset=\"https:\/\/arcaroatan.com\/wp-content\/uploads\/2025\/04\/unnamed-36.jpg 512w, https:\/\/arcaroatan.com\/wp-content\/uploads\/2025\/04\/unnamed-36-300x207.jpg 300w\" sizes=\"(max-width: 512px) 100vw, 512px\" \/><\/div>\n\t\t<\/a>\n\t\t\t\t<div class=\"elementor-post__text\">\n\t\t\t\t<h3 class=\"elementor-post__title\">\n\t\t\t<a href=\"https:\/\/arcaroatan.com\/es\/disfrute-de-una-estancia-relajante-en-hoteles-de-las-islas-de-la-bahia-con-excelentes-comodidades-y-vistas-al-mar\/\" >\n\t\t\t\tDisfrute de una estancia relajante en hoteles de las Islas de la Bah\u00eda con excelentes comodidades y vistas al mar.\t\t\t<\/a>\n\t\t<\/h3>\n\t\t\t\t<div class=\"elementor-post__excerpt\">\n\t\t\t<p>Las Islas de la Bah\u00eda son el mejor destino tur\u00edstico para quienes buscan vistas al mar, relajaci\u00f3n y experiencias naturales. Los viajeros visitan este lugar<\/p>\n\t\t<\/div>\n\t\t\n\t\t<a class=\"elementor-post__read-more\" href=\"https:\/\/arcaroatan.com\/es\/disfrute-de-una-estancia-relajante-en-hoteles-de-las-islas-de-la-bahia-con-excelentes-comodidades-y-vistas-al-mar\/\" aria-label=\"Read more about Disfrute de una estancia relajante en hoteles de las Islas de la Bah\u00eda con excelentes comodidades y vistas al mar.\" tabindex=\"-1\" >\n\t\t\tLeer m\u00e1s \u00bb\t\t<\/a>\n\n\t\t\t\t<\/div>\n\t\t\t\t<\/article>\n\t\t\t\t<article class=\"elementor-post elementor-grid-item post-3714 post type-post status-publish format-standard has-post-thumbnail hentry category-sin-categoria tag-arca-roatan-es\">\n\t\t\t\t<a class=\"elementor-post__thumbnail__link\" href=\"https:\/\/arcaroatan.com\/es\/arca-roatan-tu-mejor-opcion-para-unas-relajantes-vacaciones-en-grupo\/\" tabindex=\"-1\" >\n\t\t\t<div class=\"elementor-post__thumbnail\"><img decoding=\"async\" width=\"2558\" height=\"1920\" src=\"https:\/\/arcaroatan.com\/wp-content\/uploads\/2025\/04\/DSC06281.jpg\" class=\"attachment-full size-full wp-image-3489\" alt=\"Arca Roatan\" srcset=\"https:\/\/arcaroatan.com\/wp-content\/uploads\/2025\/04\/DSC06281.jpg 2558w, https:\/\/arcaroatan.com\/wp-content\/uploads\/2025\/04\/DSC06281-300x225.jpg 300w, https:\/\/arcaroatan.com\/wp-content\/uploads\/2025\/04\/DSC06281-1024x769.jpg 1024w, https:\/\/arcaroatan.com\/wp-content\/uploads\/2025\/04\/DSC06281-768x576.jpg 768w, https:\/\/arcaroatan.com\/wp-content\/uploads\/2025\/04\/DSC06281-1536x1153.jpg 1536w, https:\/\/arcaroatan.com\/wp-content\/uploads\/2025\/04\/DSC06281-2048x1537.jpg 2048w\" sizes=\"(max-width: 2558px) 100vw, 2558px\" \/><\/div>\n\t\t<\/a>\n\t\t\t\t<div class=\"elementor-post__text\">\n\t\t\t\t<h3 class=\"elementor-post__title\">\n\t\t\t<a href=\"https:\/\/arcaroatan.com\/es\/arca-roatan-tu-mejor-opcion-para-unas-relajantes-vacaciones-en-grupo\/\" >\n\t\t\t\tArca Roat\u00e1n: Tu mejor opci\u00f3n para unas relajantes vacaciones en grupo\t\t\t<\/a>\n\t\t<\/h3>\n\t\t\t\t<div class=\"elementor-post__excerpt\">\n\t\t\t<p>Arca Roat\u00e1n es un lugar fant\u00e1stico para alojarse. Es tranquilo y hermoso, perfecto para relajarse en grupo. Puedes venir con amigos, parejas o grupos de<\/p>\n\t\t<\/div>\n\t\t\n\t\t<a class=\"elementor-post__read-more\" href=\"https:\/\/arcaroatan.com\/es\/arca-roatan-tu-mejor-opcion-para-unas-relajantes-vacaciones-en-grupo\/\" aria-label=\"Read more about Arca Roat\u00e1n: Tu mejor opci\u00f3n para unas relajantes vacaciones en grupo\" tabindex=\"-1\" >\n\t\t\tLeer m\u00e1s \u00bb\t\t<\/a>\n\n\t\t\t\t<\/div>\n\t\t\t\t<\/article>\n\t\t\t\t<\/div>\n\t\t\n\t\t\t\t\t\t<\/div>\n\t\t\t\t<\/div>\n\t\t\t\t<\/div>\n\t\t\t\t\t<\/div>\n\t\t\t\t<\/div>\n\t\t<div class=\"elementor-element elementor-element-ca8dfee e-flex e-con-boxed e-con e-parent\" data-id=\"ca8dfee\" data-element_type=\"container\">\n\t\t\t\t\t<div class=\"e-con-inner\">\n\t\t\t\t<div class=\"elementor-element elementor-element-17bfb54 elementor-widget elementor-widget-html\" data-id=\"17bfb54\" data-element_type=\"widget\" data-widget_type=\"html.default\">\n\t\t\t\t<div class=\"elementor-widget-container\">\n\t\t\t\t\t<!-- Start - Cloudbeds Amplify retargeting audience -->\r\n\r\n<script type=\"text\/javascript\">\r\n      adroll_adv_id = \"B434RXYEZNBYDDAOPBINPW\";\r\n      adroll_pix_id = \"UJWDZKKQRZATFBR5JFP72B\";\r\n      adroll_version = \"2.0\";\r\n\r\n      (function(w, d, e, o, a) {\r\n          w.__adroll_loaded = true;\r\n          w.adroll = w.adroll || [];\r\n          w.adroll.f = [ 'setProperties', 'identify', 'track' ];\r\n          var roundtripUrl = \"https:\/\/s.adroll.com\/j\/\" + adroll_adv_id\r\n                  + \"\/roundtrip.js\";\r\n          for (a = 0; a < w.adroll.f.length; a++) {\r\n              w.adroll[w.adroll.f[a]] = w.adroll[w.adroll.f[a]] || (function(n) {\r\n                  return function() {\r\n                      w.adroll.push([ n, arguments ])\r\n                  }\r\n              })(w.adroll.f[a])\r\n          }\r\n\r\n          e = d.createElement('script');\r\n          o = d.getElementsByTagName('script')[0];\r\n          e.async = 1;\r\n          e.src = roundtripUrl;\r\n          o.parentNode.insertBefore(e, o);\r\n      })(window, document);\r\n      adroll.track(\"pageView\");\r\n  <\/script>\r\n\r\n<!-- End - Cloudbeds Amplify retargeting audience -->\t\t\t\t<\/div>\n\t\t\t\t<\/div>\n\t\t\t\t\t<\/div>\n\t\t\t\t<\/div>\n\t\t\t\t<\/div>\n\t\t","protected":false},"excerpt":{"rendered":"<p>Publicaciones del blog de Arca Roatan Inspira tu viaje EL BLOG Una colecci\u00f3n de historias, experiencias y consejos esenciales sobre Roat\u00e1n. Recorre historias que revelan el encanto de Roat\u00e1n y la perspectiva de Arca sobre la vida isle\u00f1a. Aqu\u00ed encontrar\u00e1s de todo, desde consejos de viaje hasta lugares destacados; una combinaci\u00f3n de perspectivas dise\u00f1ada para [&hellip;]<\/p>\n","protected":false},"author":1,"featured_media":0,"parent":0,"menu_order":0,"comment_status":"closed","ping_status":"closed","template":"","meta":{"site-sidebar-layout":"no-sidebar","site-content-layout":"page-builder","ast-site-content-layout":"full-width-container","site-content-style":"default","site-sidebar-style":"default","ast-global-header-display":"","ast-banner-title-visibility":"","ast-main-header-display":"","ast-hfb-above-header-display":"","ast-hfb-below-header-display":"","ast-hfb-mobile-header-display":"","site-post-title":"disabled","ast-breadcrumbs-content":"","ast-featured-img":"disabled","footer-sml-layout":"","theme-transparent-header-meta":"","adv-header-id-meta":"","stick-header-meta":"","header-above-stick-meta":"","header-main-stick-meta":"","header-below-stick-meta":"","astra-migrate-meta-layouts":"default","ast-page-background-enabled":"default","ast-page-background-meta":{"desktop":{"background-color":"","background-image":"","background-repeat":"repeat","background-position":"center center","background-size":"auto","background-attachment":"scroll","background-type":"","background-media":"","overlay-type":"","overlay-color":"","overlay-opacity":"","overlay-gradient":""},"tablet":{"background-color":"","background-image":"","background-repeat":"repeat","background-position":"center center","background-size":"auto","background-attachment":"scroll","background-type":"","background-media":"","overlay-type":"","overlay-color":"","overlay-opacity":"","overlay-gradient":""},"mobile":{"background-color":"","background-image":"","background-repeat":"repeat","background-position":"center center","background-size":"auto","background-attachment":"scroll","background-type":"","background-media":"","overlay-type":"","overlay-color":"","overlay-opacity":"","overlay-gradient":""}},"ast-content-background-meta":{"desktop":{"background-color":"var(--ast-global-color-5)","background-image":"","background-repeat":"repeat","background-position":"center center","background-size":"auto","background-attachment":"scroll","background-type":"","background-media":"","overlay-type":"","overlay-color":"","overlay-opacity":"","overlay-gradient":""},"tablet":{"background-color":"var(--ast-global-color-5)","background-image":"","background-repeat":"repeat","background-position":"center center","background-size":"auto","background-attachment":"scroll","background-type":"","background-media":"","overlay-type":"","overlay-color":"","overlay-opacity":"","overlay-gradient":""},"mobile":{"background-color":"var(--ast-global-color-5)","background-image":"","background-repeat":"repeat","background-position":"center center","background-size":"auto","background-attachment":"scroll","background-type":"","background-media":"","overlay-type":"","overlay-color":"","overlay-opacity":"","overlay-gradient":""}},"footnotes":""},"class_list":["post-3667","page","type-page","status-publish","hentry"],"yoast_head":"<!-- This site is optimized with the Yoast SEO plugin v26.4 - https:\/\/yoast.com\/wordpress\/plugins\/seo\/ -->\n<title>Blog de Arca | Aventuras, gu\u00edas y novedades en Roat\u00e1n | Hotel Roat\u00e1n<\/title>\n<meta name=\"description\" content=\"Mant\u00e9ngase conectado con el blog de Arca Roat\u00e1n. Explore consejos de viaje, aventuras en la isla e historias de West Bay y m\u00e1s all\u00e1.\" \/>\n<meta name=\"robots\" content=\"index, follow, max-snippet:-1, max-image-preview:large, max-video-preview:-1\" \/>\n<link rel=\"canonical\" href=\"https:\/\/arcaroatan.com\/es\/blog\/\" \/>\n<meta property=\"og:locale\" content=\"es_ES\" \/>\n<meta property=\"og:type\" content=\"article\" \/>\n<meta property=\"og:title\" content=\"Blog de Arca | Aventuras, gu\u00edas y novedades en Roat\u00e1n | Hotel Roat\u00e1n\" \/>\n<meta property=\"og:description\" content=\"Mant\u00e9ngase conectado con el blog de Arca Roat\u00e1n. Explore consejos de viaje, aventuras en la isla e historias de West Bay y m\u00e1s all\u00e1.\" \/>\n<meta property=\"og:url\" content=\"https:\/\/arcaroatan.com\/es\/blog\/\" \/>\n<meta property=\"og:site_name\" content=\"Arca Roatan\" \/>\n<meta property=\"article:publisher\" content=\"https:\/\/www.facebook.com\/arcaroatan\/\" \/>\n<meta property=\"article:modified_time\" content=\"2025-12-09T16:48:29+00:00\" \/>\n<meta property=\"og:image\" content=\"https:\/\/arcaroatan.com\/wp-content\/uploads\/2026\/04\/Arca-Roatan.jpg\" \/>\n\t<meta property=\"og:image:width\" content=\"1500\" \/>\n\t<meta property=\"og:image:height\" content=\"1500\" \/>\n\t<meta property=\"og:image:type\" content=\"image\/jpeg\" \/>\n<meta name=\"twitter:card\" content=\"summary_large_image\" \/>\n<!-- \/ Yoast SEO plugin. -->","yoast_head_json":{"title":"Blog de Arca | Aventuras, gu\u00edas y novedades en Roat\u00e1n | Hotel Roat\u00e1n","description":"Mant\u00e9ngase conectado con el blog de Arca Roat\u00e1n. Explore consejos de viaje, aventuras en la isla e historias de West Bay y m\u00e1s all\u00e1.","robots":{"index":"index","follow":"follow","max-snippet":"max-snippet:-1","max-image-preview":"max-image-preview:large","max-video-preview":"max-video-preview:-1"},"canonical":"https:\/\/arcaroatan.com\/es\/blog\/","og_locale":"es_ES","og_type":"article","og_title":"Blog de Arca | Aventuras, gu\u00edas y novedades en Roat\u00e1n | Hotel Roat\u00e1n","og_description":"Mant\u00e9ngase conectado con el blog de Arca Roat\u00e1n. Explore consejos de viaje, aventuras en la isla e historias de West Bay y m\u00e1s all\u00e1.","og_url":"https:\/\/arcaroatan.com\/es\/blog\/","og_site_name":"Arca Roatan","article_publisher":"https:\/\/www.facebook.com\/arcaroatan\/","article_modified_time":"2025-12-09T16:48:29+00:00","og_image":[{"width":1500,"height":1500,"url":"https:\/\/arcaroatan.com\/wp-content\/uploads\/2026\/04\/Arca-Roatan.jpg","type":"image\/jpeg"}],"twitter_card":"summary_large_image","schema":{"@context":"https:\/\/schema.org","@graph":[{"@type":"WebPage","@id":"https:\/\/arcaroatan.com\/es\/blog\/","url":"https:\/\/arcaroatan.com\/es\/blog\/","name":"Blog de Arca | Aventuras, gu\u00edas y novedades en Roat\u00e1n | Hotel Roat\u00e1n","isPartOf":{"@id":"https:\/\/arcaroatan.com\/es\/#website"},"datePublished":"2024-11-13T21:13:32+00:00","dateModified":"2025-12-09T16:48:29+00:00","description":"Mant\u00e9ngase conectado con el blog de Arca Roat\u00e1n. Explore consejos de viaje, aventuras en la isla e historias de West Bay y m\u00e1s all\u00e1.","breadcrumb":{"@id":"https:\/\/arcaroatan.com\/es\/blog\/#breadcrumb"},"inLanguage":"es","potentialAction":[{"@type":"ReadAction","target":["https:\/\/arcaroatan.com\/es\/blog\/"]}]},{"@type":"BreadcrumbList","@id":"https:\/\/arcaroatan.com\/es\/blog\/#breadcrumb","itemListElement":[{"@type":"ListItem","position":1,"name":"Home","item":"https:\/\/arcaroatan.com\/es\/hogar-2\/"},{"@type":"ListItem","position":2,"name":"Blog"}]},{"@type":"WebSite","@id":"https:\/\/arcaroatan.com\/es\/#website","url":"https:\/\/arcaroatan.com\/es\/","name":"Arca Roatan","description":"Boutique Hotel On West Bay Beach","publisher":{"@id":"https:\/\/arcaroatan.com\/es\/#organization"},"alternateName":"Arca Boutique Hotel","potentialAction":[{"@type":"SearchAction","target":{"@type":"EntryPoint","urlTemplate":"https:\/\/arcaroatan.com\/es\/?s={search_term_string}"},"query-input":{"@type":"PropertyValueSpecification","valueRequired":true,"valueName":"search_term_string"}}],"inLanguage":"es"},{"@type":"Organization","@id":"https:\/\/arcaroatan.com\/es\/#organization","name":"Arca Roatan","alternateName":"Arca Boutique Hotel","url":"https:\/\/arcaroatan.com\/es\/","logo":{"@type":"ImageObject","inLanguage":"es","@id":"https:\/\/arcaroatan.com\/es\/#\/schema\/logo\/image\/","url":"https:\/\/arcaroatan.com\/wp-content\/uploads\/2026\/04\/Arca-Roatan.jpg","contentUrl":"https:\/\/arcaroatan.com\/wp-content\/uploads\/2026\/04\/Arca-Roatan.jpg","width":1500,"height":1500,"caption":"Arca Roatan"},"image":{"@id":"https:\/\/arcaroatan.com\/es\/#\/schema\/logo\/image\/"},"sameAs":["https:\/\/www.facebook.com\/arcaroatan\/","https:\/\/www.instagram.com\/arcaroatan\/"]}]}},"_links":{"self":[{"href":"https:\/\/arcaroatan.com\/es\/wp-json\/wp\/v2\/pages\/3667","targetHints":{"allow":["GET"]}}],"collection":[{"href":"https:\/\/arcaroatan.com\/es\/wp-json\/wp\/v2\/pages"}],"about":[{"href":"https:\/\/arcaroatan.com\/es\/wp-json\/wp\/v2\/types\/page"}],"author":[{"embeddable":true,"href":"https:\/\/arcaroatan.com\/es\/wp-json\/wp\/v2\/users\/1"}],"replies":[{"embeddable":true,"href":"https:\/\/arcaroatan.com\/es\/wp-json\/wp\/v2\/comments?post=3667"}],"version-history":[{"count":0,"href":"https:\/\/arcaroatan.com\/es\/wp-json\/wp\/v2\/pages\/3667\/revisions"}],"wp:attachment":[{"href":"https:\/\/arcaroatan.com\/es\/wp-json\/wp\/v2\/media?parent=3667"}],"curies":[{"name":"wp","href":"https:\/\/api.w.org\/{rel}","templated":true}]}}